{"id":12,"date":"2020-09-25T11:18:39","date_gmt":"2020-09-25T11:18:39","guid":{"rendered":"http:\/\/31.217.192.143\/~strommag\/?page_id=12"},"modified":"2021-04-23T17:33:13","modified_gmt":"2021-04-23T17:33:13","slug":"koti","status":"publish","type":"page","link":"https:\/\/strommagard.fi\/fi\/","title":{"rendered":"Kotisivu"},"content":{"rendered":"","protected":false},"excerpt":{"rendered":"","protected":false},"author":1,"featured_media":0,"parent":0,"menu_order":0,"comment_status":"closed","ping_status":"closed","template":"","meta":{"_acf_changed":false,"_seopress_robots_primary_cat":"","_seopress_titles_title":"Str\u00f6mma G\u00e5rd \u2022 Stugor, b\u00e5thamn, taxi boat","_seopress_titles_desc":"Str\u00f6mma G\u00e5rd hyr ut stugor vid havet i Korpo. Vi kan ocks\u00e5 erbjuda en s\u00e4ker b\u00e5tplats och vinterf\u00f6rvaring f\u00f6r sm\u00e5b\u00e5tar samt bland annat taxib\u00e5tstj\u00e4nster.","_seopress_robots_index":"","_seopress_analysis_target_kw":"","footnotes":""},"class_list":["post-12","page","type-page","status-publish","hentry"],"acf":[],"_links":{"self":[{"href":"https:\/\/strommagard.fi\/fi\/wp-json\/wp\/v2\/pages\/12","targetHints":{"allow":["GET"]}}],"collection":[{"href":"https:\/\/strommagard.fi\/fi\/wp-json\/wp\/v2\/pages"}],"about":[{"href":"https:\/\/strommagard.fi\/fi\/wp-json\/wp\/v2\/types\/page"}],"author":[{"embeddable":true,"href":"https:\/\/strommagard.fi\/fi\/wp-json\/wp\/v2\/users\/1"}],"replies":[{"embeddable":true,"href":"https:\/\/strommagard.fi\/fi\/wp-json\/wp\/v2\/comments?post=12"}],"version-history":[{"count":0,"href":"https:\/\/strommagard.fi\/fi\/wp-json\/wp\/v2\/pages\/12\/revisions"}],"wp:attachment":[{"href":"https:\/\/strommagard.fi\/fi\/wp-json\/wp\/v2\/media?parent=12"}],"curies":[{"name":"wp","href":"https:\/\/api.w.org\/{rel}","templated":true}]}}